{"id":203,"date":"2012-03-21T10:12:45","date_gmt":"2012-03-21T10:12:45","guid":{"rendered":"http:\/\/bergerie-caroline.fr\/?page_id=203"},"modified":"2026-02-20T08:31:33","modified_gmt":"2026-02-20T08:31:33","slug":"loisirs-a-proximite","status":"publish","type":"page","link":"https:\/\/bergerie-caroline.fr\/?page_id=203","title":{"rendered":"Loisirs \u00e0 proximit\u00e9"},"content":{"rendered":"<p>Visites de sites :<\/p>\n<p><a href=\"http:\/\/www.nimes.fr\">N\u00eemes<\/a> ville romaine 50 Km<\/p>\n<p><a href=\"http:\/\/www.uzes.fr\">Uz\u00e8s<\/a> 1er duch\u00e9 de France 40 km<\/p>\n<p>des <a href=\"http:\/\/www.ardeche.com\">grottes <\/a>et lacs\u00a0Ard\u00e8che<\/p>\n<p><a href=\"http:\/\/www.sites-touristiques-gard.fr\/Le-Parc-aquatique-La-Bouscarasse \">parc aquatique<\/a> \u00e0 20 km<\/p>\n<p>Mais aussi des randonn\u00e9es, VTT, <a href=\"http:\/\/www.weezigo.com\/Canoe---Kayak_Saint-Ambroix-30500 \">cano\u00e9 kayak<\/a> sur les rivi\u00e8res environnantes, centres \u00e9questres&#8230;<\/p>\n<p>&nbsp;<\/p>\n","protected":false},"excerpt":{"rendered":"<p>Visites de sites : N\u00eemes ville romaine 50 Km Uz\u00e8s 1er duch\u00e9 de France 40 km des grottes et lacs\u00a0Ard\u00e8che parc aquatique \u00e0 20 km Mais aussi des randonn\u00e9es, VTT, cano\u00e9 kayak sur les rivi\u00e8res environnantes, centres \u00e9questres&#8230; &nbsp;<\/p>\n","protected":false},"author":2,"featured_media":0,"parent":0,"menu_order":0,"comment_status":"closed","ping_status":"closed","template":"","meta":{"footnotes":""},"class_list":["post-203","page","type-page","status-publish","hentry"],"_links":{"self":[{"href":"https:\/\/bergerie-caroline.fr\/index.php?rest_route=\/wp\/v2\/pages\/203","targetHints":{"allow":["GET"]}}],"collection":[{"href":"https:\/\/bergerie-caroline.fr\/index.php?rest_route=\/wp\/v2\/pages"}],"about":[{"href":"https:\/\/bergerie-caroline.fr\/index.php?rest_route=\/wp\/v2\/types\/page"}],"author":[{"embeddable":true,"href":"https:\/\/bergerie-caroline.fr\/index.php?rest_route=\/wp\/v2\/users\/2"}],"replies":[{"embeddable":true,"href":"https:\/\/bergerie-caroline.fr\/index.php?rest_route=%2Fwp%2Fv2%2Fcomments&post=203"}],"version-history":[{"count":5,"href":"https:\/\/bergerie-caroline.fr\/index.php?rest_route=\/wp\/v2\/pages\/203\/revisions"}],"predecessor-version":[{"id":205,"href":"https:\/\/bergerie-caroline.fr\/index.php?rest_route=\/wp\/v2\/pages\/203\/revisions\/205"}],"wp:attachment":[{"href":"https:\/\/bergerie-caroline.fr\/index.php?rest_route=%2Fwp%2Fv2%2Fmedia&parent=203"}],"curies":[{"name":"wp","href":"https:\/\/api.w.org\/{rel}","templated":true}]}}