{"id":226,"date":"2013-01-08T17:03:57","date_gmt":"2013-01-08T17:03:57","guid":{"rendered":"http:\/\/bergerie-caroline.fr\/?page_id=226"},"modified":"2026-03-09T10:33:39","modified_gmt":"2026-03-09T10:33:39","slug":"tarifs-6","status":"publish","type":"page","link":"https:\/\/bergerie-caroline.fr\/?page_id=226","title":{"rendered":"TARIFS"},"content":{"rendered":"<h1><span style=\"text-decoration: underline;\"><span style=\"color: #0000ff; text-decoration: underline;\">LE GITE EST OUVERT DU 15 JUIN au 14 SEPTEMBRE\u00a0<\/span><\/span><\/h1>\n<h1><span style=\"color: #008080;\">DU 1er JUIN\u00a0 AU 10\u00a0 JUILLET<\/span><span style=\"color: #ff6600;\">\u00a0 : 1.400 \u20ac la semaine<\/span><\/h1>\n<p><span style=\"color: #ff6600;\">Du 10 JUILLET AU 20 AOUT : 1.708 \u20ac la semaine<\/span><\/p>\n<p><strong><span style=\"color: #ff6600;\"><span style=\"text-decoration: underline;\"><span style=\"color: #ff0000; text-decoration: underline;\">PROMOTION : Du 24 AOUT au 14 SEPTEMBRE\u00a0 :\u00a0 1.200 \u20ac la semaine\u00a0<\/span><\/span><\/span><\/strong><strong><span style=\"color: #ff6600;\">au lieu de 1.505 \u20ac la semaine<\/span><\/strong><\/p>\n<p><span style=\"color: #000000;\">Eau comprise dans les tarifs, \u00e9lectricit\u00e9 en sus, \u00e0 r\u00e9gler d&rsquo;apr\u00e8s relev\u00e9 compteur \u00e0 l&rsquo;arriv\u00e9e et au d\u00e9part<\/span><\/p>\n<p>CAUTION DE 500 EUROS NON ENCAISSEE\u00a0 RENDUE AU DEPART<\/p>\n","protected":false},"excerpt":{"rendered":"<p>LE GITE EST OUVERT DU 15 JUIN au 14 SEPTEMBRE\u00a0 DU 1er JUIN\u00a0 AU 10\u00a0 JUILLET\u00a0 : 1.400 \u20ac la semaine Du 10 JUILLET AU 20 AOUT : 1.708 \u20ac la semaine PROMOTION : Du 24 AOUT au 14 SEPTEMBRE\u00a0 :\u00a0 1.200 \u20ac la semaine\u00a0au lieu de 1.505 \u20ac la semaine Eau comprise dans les [&hellip;]<\/p>\n","protected":false},"author":2,"featured_media":0,"parent":0,"menu_order":0,"comment_status":"closed","ping_status":"closed","template":"","meta":{"footnotes":""},"class_list":["post-226","page","type-page","status-publish","hentry"],"_links":{"self":[{"href":"https:\/\/bergerie-caroline.fr\/index.php?rest_route=\/wp\/v2\/pages\/226","targetHints":{"allow":["GET"]}}],"collection":[{"href":"https:\/\/bergerie-caroline.fr\/index.php?rest_route=\/wp\/v2\/pages"}],"about":[{"href":"https:\/\/bergerie-caroline.fr\/index.php?rest_route=\/wp\/v2\/types\/page"}],"author":[{"embeddable":true,"href":"https:\/\/bergerie-caroline.fr\/index.php?rest_route=\/wp\/v2\/users\/2"}],"replies":[{"embeddable":true,"href":"https:\/\/bergerie-caroline.fr\/index.php?rest_route=%2Fwp%2Fv2%2Fcomments&post=226"}],"version-history":[{"count":23,"href":"https:\/\/bergerie-caroline.fr\/index.php?rest_route=\/wp\/v2\/pages\/226\/revisions"}],"predecessor-version":[{"id":361,"href":"https:\/\/bergerie-caroline.fr\/index.php?rest_route=\/wp\/v2\/pages\/226\/revisions\/361"}],"wp:attachment":[{"href":"https:\/\/bergerie-caroline.fr\/index.php?rest_route=%2Fwp%2Fv2%2Fmedia&parent=226"}],"curies":[{"name":"wp","href":"https:\/\/api.w.org\/{rel}","templated":true}]}}