{"id":27,"date":"2012-02-20T17:10:11","date_gmt":"2012-02-20T17:10:11","guid":{"rendered":"http:\/\/laurent.migliani.free.fr\/?page_id=27"},"modified":"2026-02-20T08:31:11","modified_gmt":"2026-02-20T08:31:11","slug":"accueil","status":"publish","type":"page","link":"https:\/\/bergerie-caroline.fr\/","title":{"rendered":"Accueil"},"content":{"rendered":"<div class=\"mceTemp\">\n<div class=\"mceTemp\">\n<div class=\"mceTemp\">\n<dl id=\"attachment_70\" class=\"wp-caption alignright\" style=\"width: 235px;\">\n<dt class=\"wp-caption-dt\"><a href=\"http:\/\/bergerie-caroline.fr\/wp-content\/uploads\/2012\/02\/cartejp.jpg\"><img loading=\"lazy\" decoding=\"async\" class=\"size-medium wp-image-70\" title=\"cartejp\" src=\"http:\/\/bergerie-caroline.fr\/wp-content\/uploads\/2012\/02\/cartejp-225x300.jpg\" alt=\"\" width=\"225\" height=\"300\" srcset=\"https:\/\/bergerie-caroline.fr\/wp-content\/uploads\/2012\/02\/cartejp-225x300.jpg 225w, https:\/\/bergerie-caroline.fr\/wp-content\/uploads\/2012\/02\/cartejp.jpg 552w\" sizes=\"auto, (max-width: 225px) 100vw, 225px\" \/><\/a><\/dt>\n<\/dl>\n<\/div>\n<p>Situ\u00e9s au pied des C\u00e9vennes, \u00e0 15 km de <a href=\"http:\/\/www.vallon-pont-darc.com\/site\/\">l&rsquo;Ard\u00e8che,\u00a0<\/a> qui vous offre ses grottes et ses descentes en canoe kayak, \u00e0 50 km de <a href=\"http:\/\/www.ot-nimes.fr\/index.php?id=1\" target=\"_blank\">N\u00eemes<\/a>, ville romaine, \u00e0 40 km d<a href=\"http:\/\/www.uzes.fr\/\">&lsquo;Uz\u00e8s<\/a>, premier duch\u00e9 de France \u00a0et tant d&rsquo;autres paysages et villages \u00e0 d\u00e9couvrir&#8230;<\/p>\n<p>Pour tous renseignements<\/p>\n<p><strong>JP. CHAUVET<\/strong><\/p>\n<p><strong>0664821953<\/strong><\/p>\n<p><strong>jpgardoc@free.fr<\/strong><\/p>\n<\/div>\n<\/div>\n","protected":false},"excerpt":{"rendered":"<p>Situ\u00e9s au pied des C\u00e9vennes, \u00e0 15 km de l&rsquo;Ard\u00e8che,\u00a0 qui vous offre ses grottes et ses descentes en canoe kayak, \u00e0 50 km de N\u00eemes, ville romaine, \u00e0 40 km d&lsquo;Uz\u00e8s, premier duch\u00e9 de France \u00a0et tant d&rsquo;autres paysages et villages \u00e0 d\u00e9couvrir&#8230; Pour tous renseignements JP. CHAUVET 0664821953 jpgardoc@free.fr<\/p>\n","protected":false},"author":2,"featured_media":0,"parent":0,"menu_order":0,"comment_status":"closed","ping_status":"closed","template":"","meta":{"footnotes":""},"class_list":["post-27","page","type-page","status-publish","hentry"],"_links":{"self":[{"href":"https:\/\/bergerie-caroline.fr\/index.php?rest_route=\/wp\/v2\/pages\/27","targetHints":{"allow":["GET"]}}],"collection":[{"href":"https:\/\/bergerie-caroline.fr\/index.php?rest_route=\/wp\/v2\/pages"}],"about":[{"href":"https:\/\/bergerie-caroline.fr\/index.php?rest_route=\/wp\/v2\/types\/page"}],"author":[{"embeddable":true,"href":"https:\/\/bergerie-caroline.fr\/index.php?rest_route=\/wp\/v2\/users\/2"}],"replies":[{"embeddable":true,"href":"https:\/\/bergerie-caroline.fr\/index.php?rest_route=%2Fwp%2Fv2%2Fcomments&post=27"}],"version-history":[{"count":7,"href":"https:\/\/bergerie-caroline.fr\/index.php?rest_route=\/wp\/v2\/pages\/27\/revisions"}],"predecessor-version":[{"id":353,"href":"https:\/\/bergerie-caroline.fr\/index.php?rest_route=\/wp\/v2\/pages\/27\/revisions\/353"}],"wp:attachment":[{"href":"https:\/\/bergerie-caroline.fr\/index.php?rest_route=%2Fwp%2Fv2%2Fmedia&parent=27"}],"curies":[{"name":"wp","href":"https:\/\/api.w.org\/{rel}","templated":true}]}}