{"id":41,"date":"2012-02-22T10:09:15","date_gmt":"2012-02-22T10:09:15","guid":{"rendered":"http:\/\/laurent.migliani.free.fr\/?page_id=41"},"modified":"2026-02-20T09:33:02","modified_gmt":"2026-02-20T09:33:02","slug":"descriptif-gite","status":"publish","type":"page","link":"https:\/\/bergerie-caroline.fr\/?page_id=41","title":{"rendered":"Descriptif g\u00eetes"},"content":{"rendered":"<div class=\"mceTemp\"><strong>G\u00eete\u00a0neuf de 90 m\u00b2<\/strong><\/div>\n<div class=\"mceTemp\"><strong>pour 4 adultes et 2 ou 3 enfants\u00a0comprenant :<\/strong><\/div>\n<p>Cuisine \u00e9quip\u00e9e neuve\u00a0: micro-onde, four, plaque 4 feux, hotte aspirante, lave vaisselle, lave linge, cafeti\u00e8re, fer \u00e0 repasser, vaisselle&#8230;<\/p>\n<p>TV grand \u00e9cran 110 cm<\/p>\n<p>Salle de bains avec douche, wc s\u00e9par\u00e9<\/p>\n<p>Trois chambres avec lit double avec oreillers et couvertures fournis (draps et serviettes non fournis)<\/p>\n<p>Une grande pi\u00e8ce \u00e0 vivre avec un canap\u00e9<\/p>\n<p>Possibilit\u00e9 lit b\u00e9b\u00e9<\/p>\n<p>Terrasse individuelle et ombrag\u00e9e \u00a0avec barbecue et mobilier de jardin<\/p>\n<p><strong><span style=\"text-decoration: underline;\">Piscine priv\u00e9e\u00a0 de 11,50 par 5,50 m <\/span><\/strong><\/p>\n<p><strong>avec plage pour b\u00e9b\u00e9 ou enfants de 20 cm de profondeur de 4 m\u00b2avec transats et parasols<\/strong><\/p>\n<p>Pool house\u00a0 :\u00a0 babyfoot, table de ping pong, parking<\/p>\n<p>portail s\u00e9curis\u00e9<\/p>\n","protected":false},"excerpt":{"rendered":"<p>G\u00eete\u00a0neuf de 90 m\u00b2 pour 4 adultes et 2 ou 3 enfants\u00a0comprenant : Cuisine \u00e9quip\u00e9e neuve\u00a0: micro-onde, four, plaque 4 feux, hotte aspirante, lave vaisselle, lave linge, cafeti\u00e8re, fer \u00e0 repasser, vaisselle&#8230; TV grand \u00e9cran 110 cm Salle de bains avec douche, wc s\u00e9par\u00e9 Trois chambres avec lit double avec oreillers et couvertures fournis (draps [&hellip;]<\/p>\n","protected":false},"author":2,"featured_media":0,"parent":0,"menu_order":0,"comment_status":"closed","ping_status":"closed","template":"","meta":{"footnotes":""},"class_list":["post-41","page","type-page","status-publish","hentry"],"_links":{"self":[{"href":"https:\/\/bergerie-caroline.fr\/index.php?rest_route=\/wp\/v2\/pages\/41","targetHints":{"allow":["GET"]}}],"collection":[{"href":"https:\/\/bergerie-caroline.fr\/index.php?rest_route=\/wp\/v2\/pages"}],"about":[{"href":"https:\/\/bergerie-caroline.fr\/index.php?rest_route=\/wp\/v2\/types\/page"}],"author":[{"embeddable":true,"href":"https:\/\/bergerie-caroline.fr\/index.php?rest_route=\/wp\/v2\/users\/2"}],"replies":[{"embeddable":true,"href":"https:\/\/bergerie-caroline.fr\/index.php?rest_route=%2Fwp%2Fv2%2Fcomments&post=41"}],"version-history":[{"count":15,"href":"https:\/\/bergerie-caroline.fr\/index.php?rest_route=\/wp\/v2\/pages\/41\/revisions"}],"predecessor-version":[{"id":357,"href":"https:\/\/bergerie-caroline.fr\/index.php?rest_route=\/wp\/v2\/pages\/41\/revisions\/357"}],"wp:attachment":[{"href":"https:\/\/bergerie-caroline.fr\/index.php?rest_route=%2Fwp%2Fv2%2Fmedia&parent=41"}],"curies":[{"name":"wp","href":"https:\/\/api.w.org\/{rel}","templated":true}]}}